{"id":7164,"date":"2018-02-07T22:28:23","date_gmt":"2018-02-07T21:28:23","guid":{"rendered":"https:\/\/www.fmkrajcogroup.sk\/?page_id=7164"},"modified":"2018-04-25T23:01:02","modified_gmt":"2018-04-25T21:01:02","slug":"road-transport","status":"publish","type":"page","link":"https:\/\/www.fmkrajcogroup.sk\/en\/road-transport\/","title":{"rendered":"Road Transport"},"content":{"rendered":"<div class=\"totalbusiness-shortcode-wrapper totalbusiness-row-shortcode\">\r\n<div class=\"one-fifth column\"><div class=\"totalbusiness-item totalbusiness-column-shortcode\"><p><span style=\"font-size: 20px; color: #39bddb;\"><strong>Internal<br \/>\ntransport<\/strong><\/span><\/p>\n<\/div><\/div>\r\n<div class=\"four-fifth columns\"><div class=\"totalbusiness-item totalbusiness-column-shortcode\"><p>We perform transport by van trucks and vehicles from 3,5 tons to 24 tons. The transport is available in whole territory of Slovakia. We have all necessary permits and insurance. Our car park and professional drivers are ready to transport your goods safely and in agreed term. We expressly respond to the demands of our clients, our services are on the high level of professionalism. That is why you do not have to worry about the merchandise you entrust us with and you can pay attention to different activities.<\/p>\n<\/div><\/div>\r\n<div class=\"clear\"><\/div><\/div>\n<div class=\"totalbusiness-shortcode-wrapper totalbusiness-row-shortcode\">\r\n<div class=\"one-fifth column\"><div class=\"totalbusiness-item totalbusiness-column-shortcode\"><p><span style=\"font-size: 20px; color: #39bddb;\"><strong>International transport<\/strong><\/span><\/p>\n<\/div><\/div>\r\n<div class=\"four-fifth columns\"><div class=\"totalbusiness-item totalbusiness-column-shortcode\"><p>We perform transport by van trucks and vehicles from 3,5 tons to 24 tons.<br \/>\nWe are able to provide express palette or non-palette transport abroad.<br \/>\nOur car park and professional drivers are ready to transport your merchandise to any country in the European Union safely and also in agreed term. The insurance of the merchandise is performed in the terms of CMR Convention (max. coverage up to 100 000 \u20ac)<\/p>\n<\/div><\/div>\r\n<div class=\"clear\"><\/div><\/div>\n<div class=\"totalbusiness-shortcode-wrapper totalbusiness-row-shortcode\">\r\n<div class=\"one-fifth column\"><div class=\"totalbusiness-item totalbusiness-column-shortcode\"><p><span style=\"font-size: 20px; color: #39bddb;\"><strong>Forwarding<br \/>\nservices<\/strong><\/span><\/p>\n<\/div><\/div>\r\n<div class=\"four-fifth columns\"><div class=\"totalbusiness-item totalbusiness-column-shortcode\"><p>Thanks to our long-term practice in this particular field and the database of operators with irregular contacts, we are able to provide needed type of vehicle for international or internal road freight for our clients and in very short time.<br \/>\nWhen talking about forwarding activities we work in the terms of CMR Convention. Our services are used by wide spectrum of customers from Germany, Austria, Poland, Hungary, Czech Republic or Slovak Republic. We cooperate with multinational companies, which emphasize the reliability, accuracy and quality of provided services. Our firm has effected and insurance of responsibility of shipping agent up to 200 000 \u20ac.<br \/>\nWe have earned the certificate: Register Solventer Unternehmen \u2013 Bisnode.<\/p>\n<\/div><\/div>\r\n<div class=\"clear\"><\/div><\/div>\n<h5 style=\"text-align: center;\"><strong><span style=\"color: #39bddb;\">We will be pleased if you choose our company to transport your merchandise in the territory of Slovakia or abroad.<\/span><\/strong><\/h5>\n","protected":false},"excerpt":{"rendered":"<p>We will be pleased if you choose our company to transport your merchandise in the territory of Slovakia or abroad.<\/p>\n","protected":false},"author":1,"featured_media":0,"parent":0,"menu_order":0,"comment_status":"closed","ping_status":"closed","template":"","meta":{"footnotes":""},"class_list":["post-7164","page","type-page","status-publish","hentry"],"yoast_head":"<!-- This site is optimized with the Yoast SEO plugin v25.0 - https:\/\/yoast.com\/wordpress\/plugins\/seo\/ -->\n<title>Road transport, transport of goods, excavation and earth works.<\/title>\n<meta name=\"description\" content=\"Our company deals with internal (within country) and international transport by lorries with weight from 3,5 up to 24 tonnes. We cooperate with several forwarding companies. The road transport and the transport of goods is performed according to needs of our clients. We also perform earth and excavation Works.\" \/>\n<meta name=\"robots\" content=\"index, follow, max-snippet:-1, max-image-preview:large, max-video-preview:-1\" \/>\n<link rel=\"canonical\" href=\"https:\/\/www.fmkrajcogroup.sk\/en\/road-transport\/\" \/>\n<meta property=\"og:locale\" content=\"en_US\" \/>\n<meta property=\"og:type\" content=\"article\" \/>\n<meta property=\"og:title\" content=\"Road transport, transport of goods, excavation and earth works.\" \/>\n<meta property=\"og:description\" content=\"Our company deals with internal (within country) and international transport by lorries with weight from 3,5 up to 24 tonnes. We cooperate with several forwarding companies. The road transport and the transport of goods is performed according to needs of our clients. We also perform earth and excavation Works.\" \/>\n<meta property=\"og:url\" content=\"https:\/\/www.fmkrajcogroup.sk\/en\/road-transport\/\" \/>\n<meta property=\"og:site_name\" content=\"www.fmkrajcogroup.sk\" \/>\n<meta property=\"article:modified_time\" content=\"2018-04-25T21:01:02+00:00\" \/>\n<meta name=\"twitter:card\" content=\"summary_large_image\" \/>\n<meta name=\"twitter:label1\" content=\"Est. reading time\" \/>\n\t<meta name=\"twitter:data1\" content=\"2 minutes\" \/>\n<script type=\"application\/ld+json\" class=\"yoast-schema-graph\">{\"@context\":\"https:\/\/schema.org\",\"@graph\":[{\"@type\":\"WebPage\",\"@id\":\"https:\/\/www.fmkrajcogroup.sk\/en\/road-transport\/\",\"url\":\"https:\/\/www.fmkrajcogroup.sk\/en\/road-transport\/\",\"name\":\"Road transport, transport of goods, excavation and earth works.\",\"isPartOf\":{\"@id\":\"https:\/\/www.fmkrajcogroup.sk\/#website\"},\"datePublished\":\"2018-02-07T21:28:23+00:00\",\"dateModified\":\"2018-04-25T21:01:02+00:00\",\"description\":\"Our company deals with internal (within country) and international transport by lorries with weight from 3,5 up to 24 tonnes. We cooperate with several forwarding companies. The road transport and the transport of goods is performed according to needs of our clients. We also perform earth and excavation Works.\",\"breadcrumb\":{\"@id\":\"https:\/\/www.fmkrajcogroup.sk\/en\/road-transport\/#breadcrumb\"},\"inLanguage\":\"en-US\",\"potentialAction\":[{\"@type\":\"ReadAction\",\"target\":[\"https:\/\/www.fmkrajcogroup.sk\/en\/road-transport\/\"]}]},{\"@type\":\"BreadcrumbList\",\"@id\":\"https:\/\/www.fmkrajcogroup.sk\/en\/road-transport\/#breadcrumb\",\"itemListElement\":[{\"@type\":\"ListItem\",\"position\":1,\"name\":\"Home\",\"item\":\"https:\/\/www.fmkrajcogroup.sk\/en\/\"},{\"@type\":\"ListItem\",\"position\":2,\"name\":\"Road Transport\"}]},{\"@type\":\"WebSite\",\"@id\":\"https:\/\/www.fmkrajcogroup.sk\/#website\",\"url\":\"https:\/\/www.fmkrajcogroup.sk\/\",\"name\":\"www.fmkrajcogroup.sk\",\"description\":\"To najlep\u0161ie pre v\u00e1\u0161 kov\",\"publisher\":{\"@id\":\"https:\/\/www.fmkrajcogroup.sk\/#organization\"},\"potentialAction\":[{\"@type\":\"SearchAction\",\"target\":{\"@type\":\"EntryPoint\",\"urlTemplate\":\"https:\/\/www.fmkrajcogroup.sk\/?s={search_term_string}\"},\"query-input\":{\"@type\":\"PropertyValueSpecification\",\"valueRequired\":true,\"valueName\":\"search_term_string\"}}],\"inLanguage\":\"en-US\"},{\"@type\":\"Organization\",\"@id\":\"https:\/\/www.fmkrajcogroup.sk\/#organization\",\"name\":\"FM Krajco Group, s.r.o.\",\"url\":\"https:\/\/www.fmkrajcogroup.sk\/\",\"logo\":{\"@type\":\"ImageObject\",\"inLanguage\":\"en-US\",\"@id\":\"https:\/\/www.fmkrajcogroup.sk\/#\/schema\/logo\/image\/\",\"url\":\"https:\/\/www.fmkrajcogroup.sk\/wp-content\/uploads\/2018\/02\/logo_fmkrajcogroup.png\",\"contentUrl\":\"https:\/\/www.fmkrajcogroup.sk\/wp-content\/uploads\/2018\/02\/logo_fmkrajcogroup.png\",\"width\":300,\"height\":66,\"caption\":\"FM Krajco Group, s.r.o.\"},\"image\":{\"@id\":\"https:\/\/www.fmkrajcogroup.sk\/#\/schema\/logo\/image\/\"}}]}<\/script>\n<!-- \/ Yoast SEO plugin. -->","yoast_head_json":{"title":"Road transport, transport of goods, excavation and earth works.","description":"Our company deals with internal (within country) and international transport by lorries with weight from 3,5 up to 24 tonnes. We cooperate with several forwarding companies. The road transport and the transport of goods is performed according to needs of our clients. We also perform earth and excavation Works.","robots":{"index":"index","follow":"follow","max-snippet":"max-snippet:-1","max-image-preview":"max-image-preview:large","max-video-preview":"max-video-preview:-1"},"canonical":"https:\/\/www.fmkrajcogroup.sk\/en\/road-transport\/","og_locale":"en_US","og_type":"article","og_title":"Road transport, transport of goods, excavation and earth works.","og_description":"Our company deals with internal (within country) and international transport by lorries with weight from 3,5 up to 24 tonnes. We cooperate with several forwarding companies. The road transport and the transport of goods is performed according to needs of our clients. We also perform earth and excavation Works.","og_url":"https:\/\/www.fmkrajcogroup.sk\/en\/road-transport\/","og_site_name":"www.fmkrajcogroup.sk","article_modified_time":"2018-04-25T21:01:02+00:00","twitter_card":"summary_large_image","twitter_misc":{"Est. reading time":"2 minutes"},"schema":{"@context":"https:\/\/schema.org","@graph":[{"@type":"WebPage","@id":"https:\/\/www.fmkrajcogroup.sk\/en\/road-transport\/","url":"https:\/\/www.fmkrajcogroup.sk\/en\/road-transport\/","name":"Road transport, transport of goods, excavation and earth works.","isPartOf":{"@id":"https:\/\/www.fmkrajcogroup.sk\/#website"},"datePublished":"2018-02-07T21:28:23+00:00","dateModified":"2018-04-25T21:01:02+00:00","description":"Our company deals with internal (within country) and international transport by lorries with weight from 3,5 up to 24 tonnes. We cooperate with several forwarding companies. The road transport and the transport of goods is performed according to needs of our clients. We also perform earth and excavation Works.","breadcrumb":{"@id":"https:\/\/www.fmkrajcogroup.sk\/en\/road-transport\/#breadcrumb"},"inLanguage":"en-US","potentialAction":[{"@type":"ReadAction","target":["https:\/\/www.fmkrajcogroup.sk\/en\/road-transport\/"]}]},{"@type":"BreadcrumbList","@id":"https:\/\/www.fmkrajcogroup.sk\/en\/road-transport\/#breadcrumb","itemListElement":[{"@type":"ListItem","position":1,"name":"Home","item":"https:\/\/www.fmkrajcogroup.sk\/en\/"},{"@type":"ListItem","position":2,"name":"Road Transport"}]},{"@type":"WebSite","@id":"https:\/\/www.fmkrajcogroup.sk\/#website","url":"https:\/\/www.fmkrajcogroup.sk\/","name":"www.fmkrajcogroup.sk","description":"To najlep\u0161ie pre v\u00e1\u0161 kov","publisher":{"@id":"https:\/\/www.fmkrajcogroup.sk\/#organization"},"potentialAction":[{"@type":"SearchAction","target":{"@type":"EntryPoint","urlTemplate":"https:\/\/www.fmkrajcogroup.sk\/?s={search_term_string}"},"query-input":{"@type":"PropertyValueSpecification","valueRequired":true,"valueName":"search_term_string"}}],"inLanguage":"en-US"},{"@type":"Organization","@id":"https:\/\/www.fmkrajcogroup.sk\/#organization","name":"FM Krajco Group, s.r.o.","url":"https:\/\/www.fmkrajcogroup.sk\/","logo":{"@type":"ImageObject","inLanguage":"en-US","@id":"https:\/\/www.fmkrajcogroup.sk\/#\/schema\/logo\/image\/","url":"https:\/\/www.fmkrajcogroup.sk\/wp-content\/uploads\/2018\/02\/logo_fmkrajcogroup.png","contentUrl":"https:\/\/www.fmkrajcogroup.sk\/wp-content\/uploads\/2018\/02\/logo_fmkrajcogroup.png","width":300,"height":66,"caption":"FM Krajco Group, s.r.o."},"image":{"@id":"https:\/\/www.fmkrajcogroup.sk\/#\/schema\/logo\/image\/"}}]}},"_links":{"self":[{"href":"https:\/\/www.fmkrajcogroup.sk\/en\/wp-json\/wp\/v2\/pages\/7164","targetHints":{"allow":["GET"]}}],"collection":[{"href":"https:\/\/www.fmkrajcogroup.sk\/en\/wp-json\/wp\/v2\/pages"}],"about":[{"href":"https:\/\/www.fmkrajcogroup.sk\/en\/wp-json\/wp\/v2\/types\/page"}],"author":[{"embeddable":true,"href":"https:\/\/www.fmkrajcogroup.sk\/en\/wp-json\/wp\/v2\/users\/1"}],"replies":[{"embeddable":true,"href":"https:\/\/www.fmkrajcogroup.sk\/en\/wp-json\/wp\/v2\/comments?post=7164"}],"version-history":[{"count":10,"href":"https:\/\/www.fmkrajcogroup.sk\/en\/wp-json\/wp\/v2\/pages\/7164\/revisions"}],"predecessor-version":[{"id":7390,"href":"https:\/\/www.fmkrajcogroup.sk\/en\/wp-json\/wp\/v2\/pages\/7164\/revisions\/7390"}],"wp:attachment":[{"href":"https:\/\/www.fmkrajcogroup.sk\/en\/wp-json\/wp\/v2\/media?parent=7164"}],"curies":[{"name":"wp","href":"https:\/\/api.w.org\/{rel}","templated":true}]}}