{"id":7364,"date":"2015-09-03T13:43:50","date_gmt":"2015-09-03T13:43:50","guid":{"rendered":"https:\/\/www.fmkrajcogroup.sk\/sluzby\/"},"modified":"2018-04-25T23:02:29","modified_gmt":"2018-04-25T21:02:29","slug":"services","status":"publish","type":"page","link":"https:\/\/www.fmkrajcogroup.sk\/en\/services\/","title":{"rendered":"Services"},"content":{"rendered":"","protected":false},"excerpt":{"rendered":"","protected":false},"author":1,"featured_media":0,"parent":0,"menu_order":0,"comment_status":"closed","ping_status":"closed","template":"","meta":{"footnotes":""},"class_list":["post-7364","page","type-page","status-publish","hentry"],"yoast_head":"<!-- This site is optimized with the Yoast SEO plugin v25.0 - https:\/\/yoast.com\/wordpress\/plugins\/seo\/ -->\n<title>The services provided to our customers \u2013 FM Krajco Group s.r.o.<\/title>\n<meta name=\"description\" content=\"Offered services \u2013 the manufacturing for engineering industry, road transport and the transport of merchandise (national, international) , excavation and earth works.\" \/>\n<meta name=\"robots\" content=\"index, follow, max-snippet:-1, max-image-preview:large, max-video-preview:-1\" \/>\n<link rel=\"canonical\" href=\"https:\/\/www.fmkrajcogroup.sk\/en\/services\/\" \/>\n<meta property=\"og:locale\" content=\"en_US\" \/>\n<meta property=\"og:type\" content=\"article\" \/>\n<meta property=\"og:title\" content=\"The services provided to our customers \u2013 FM Krajco Group s.r.o.\" \/>\n<meta property=\"og:description\" content=\"Offered services \u2013 the manufacturing for engineering industry, road transport and the transport of merchandise (national, international) , excavation and earth works.\" \/>\n<meta property=\"og:url\" content=\"https:\/\/www.fmkrajcogroup.sk\/en\/services\/\" \/>\n<meta property=\"og:site_name\" content=\"www.fmkrajcogroup.sk\" \/>\n<meta property=\"article:modified_time\" content=\"2018-04-25T21:02:29+00:00\" \/>\n<meta name=\"twitter:card\" content=\"summary_large_image\" \/>\n<script type=\"application\/ld+json\" class=\"yoast-schema-graph\">{\"@context\":\"https:\/\/schema.org\",\"@graph\":[{\"@type\":\"WebPage\",\"@id\":\"https:\/\/www.fmkrajcogroup.sk\/en\/services\/\",\"url\":\"https:\/\/www.fmkrajcogroup.sk\/en\/services\/\",\"name\":\"The services provided to our customers \u2013 FM Krajco Group s.r.o.\",\"isPartOf\":{\"@id\":\"https:\/\/www.fmkrajcogroup.sk\/#website\"},\"datePublished\":\"2015-09-03T13:43:50+00:00\",\"dateModified\":\"2018-04-25T21:02:29+00:00\",\"description\":\"Offered services \u2013 the manufacturing for engineering industry, road transport and the transport of merchandise (national, international) , excavation and earth works.\",\"breadcrumb\":{\"@id\":\"https:\/\/www.fmkrajcogroup.sk\/en\/services\/#breadcrumb\"},\"inLanguage\":\"en-US\",\"potentialAction\":[{\"@type\":\"ReadAction\",\"target\":[\"https:\/\/www.fmkrajcogroup.sk\/en\/services\/\"]}]},{\"@type\":\"BreadcrumbList\",\"@id\":\"https:\/\/www.fmkrajcogroup.sk\/en\/services\/#breadcrumb\",\"itemListElement\":[{\"@type\":\"ListItem\",\"position\":1,\"name\":\"Home\",\"item\":\"https:\/\/www.fmkrajcogroup.sk\/en\/\"},{\"@type\":\"ListItem\",\"position\":2,\"name\":\"Services\"}]},{\"@type\":\"WebSite\",\"@id\":\"https:\/\/www.fmkrajcogroup.sk\/#website\",\"url\":\"https:\/\/www.fmkrajcogroup.sk\/\",\"name\":\"www.fmkrajcogroup.sk\",\"description\":\"To najlep\u0161ie pre v\u00e1\u0161 kov\",\"publisher\":{\"@id\":\"https:\/\/www.fmkrajcogroup.sk\/#organization\"},\"potentialAction\":[{\"@type\":\"SearchAction\",\"target\":{\"@type\":\"EntryPoint\",\"urlTemplate\":\"https:\/\/www.fmkrajcogroup.sk\/?s={search_term_string}\"},\"query-input\":{\"@type\":\"PropertyValueSpecification\",\"valueRequired\":true,\"valueName\":\"search_term_string\"}}],\"inLanguage\":\"en-US\"},{\"@type\":\"Organization\",\"@id\":\"https:\/\/www.fmkrajcogroup.sk\/#organization\",\"name\":\"FM Krajco Group, s.r.o.\",\"url\":\"https:\/\/www.fmkrajcogroup.sk\/\",\"logo\":{\"@type\":\"ImageObject\",\"inLanguage\":\"en-US\",\"@id\":\"https:\/\/www.fmkrajcogroup.sk\/#\/schema\/logo\/image\/\",\"url\":\"https:\/\/www.fmkrajcogroup.sk\/wp-content\/uploads\/2018\/02\/logo_fmkrajcogroup.png\",\"contentUrl\":\"https:\/\/www.fmkrajcogroup.sk\/wp-content\/uploads\/2018\/02\/logo_fmkrajcogroup.png\",\"width\":300,\"height\":66,\"caption\":\"FM Krajco Group, s.r.o.\"},\"image\":{\"@id\":\"https:\/\/www.fmkrajcogroup.sk\/#\/schema\/logo\/image\/\"}}]}<\/script>\n<!-- \/ Yoast SEO plugin. -->","yoast_head_json":{"title":"The services provided to our customers \u2013 FM Krajco Group s.r.o.","description":"Offered services \u2013 the manufacturing for engineering industry, road transport and the transport of merchandise (national, international) , excavation and earth works.","robots":{"index":"index","follow":"follow","max-snippet":"max-snippet:-1","max-image-preview":"max-image-preview:large","max-video-preview":"max-video-preview:-1"},"canonical":"https:\/\/www.fmkrajcogroup.sk\/en\/services\/","og_locale":"en_US","og_type":"article","og_title":"The services provided to our customers \u2013 FM Krajco Group s.r.o.","og_description":"Offered services \u2013 the manufacturing for engineering industry, road transport and the transport of merchandise (national, international) , excavation and earth works.","og_url":"https:\/\/www.fmkrajcogroup.sk\/en\/services\/","og_site_name":"www.fmkrajcogroup.sk","article_modified_time":"2018-04-25T21:02:29+00:00","twitter_card":"summary_large_image","schema":{"@context":"https:\/\/schema.org","@graph":[{"@type":"WebPage","@id":"https:\/\/www.fmkrajcogroup.sk\/en\/services\/","url":"https:\/\/www.fmkrajcogroup.sk\/en\/services\/","name":"The services provided to our customers \u2013 FM Krajco Group s.r.o.","isPartOf":{"@id":"https:\/\/www.fmkrajcogroup.sk\/#website"},"datePublished":"2015-09-03T13:43:50+00:00","dateModified":"2018-04-25T21:02:29+00:00","description":"Offered services \u2013 the manufacturing for engineering industry, road transport and the transport of merchandise (national, international) , excavation and earth works.","breadcrumb":{"@id":"https:\/\/www.fmkrajcogroup.sk\/en\/services\/#breadcrumb"},"inLanguage":"en-US","potentialAction":[{"@type":"ReadAction","target":["https:\/\/www.fmkrajcogroup.sk\/en\/services\/"]}]},{"@type":"BreadcrumbList","@id":"https:\/\/www.fmkrajcogroup.sk\/en\/services\/#breadcrumb","itemListElement":[{"@type":"ListItem","position":1,"name":"Home","item":"https:\/\/www.fmkrajcogroup.sk\/en\/"},{"@type":"ListItem","position":2,"name":"Services"}]},{"@type":"WebSite","@id":"https:\/\/www.fmkrajcogroup.sk\/#website","url":"https:\/\/www.fmkrajcogroup.sk\/","name":"www.fmkrajcogroup.sk","description":"To najlep\u0161ie pre v\u00e1\u0161 kov","publisher":{"@id":"https:\/\/www.fmkrajcogroup.sk\/#organization"},"potentialAction":[{"@type":"SearchAction","target":{"@type":"EntryPoint","urlTemplate":"https:\/\/www.fmkrajcogroup.sk\/?s={search_term_string}"},"query-input":{"@type":"PropertyValueSpecification","valueRequired":true,"valueName":"search_term_string"}}],"inLanguage":"en-US"},{"@type":"Organization","@id":"https:\/\/www.fmkrajcogroup.sk\/#organization","name":"FM Krajco Group, s.r.o.","url":"https:\/\/www.fmkrajcogroup.sk\/","logo":{"@type":"ImageObject","inLanguage":"en-US","@id":"https:\/\/www.fmkrajcogroup.sk\/#\/schema\/logo\/image\/","url":"https:\/\/www.fmkrajcogroup.sk\/wp-content\/uploads\/2018\/02\/logo_fmkrajcogroup.png","contentUrl":"https:\/\/www.fmkrajcogroup.sk\/wp-content\/uploads\/2018\/02\/logo_fmkrajcogroup.png","width":300,"height":66,"caption":"FM Krajco Group, s.r.o."},"image":{"@id":"https:\/\/www.fmkrajcogroup.sk\/#\/schema\/logo\/image\/"}}]}},"_links":{"self":[{"href":"https:\/\/www.fmkrajcogroup.sk\/en\/wp-json\/wp\/v2\/pages\/7364","targetHints":{"allow":["GET"]}}],"collection":[{"href":"https:\/\/www.fmkrajcogroup.sk\/en\/wp-json\/wp\/v2\/pages"}],"about":[{"href":"https:\/\/www.fmkrajcogroup.sk\/en\/wp-json\/wp\/v2\/types\/page"}],"author":[{"embeddable":true,"href":"https:\/\/www.fmkrajcogroup.sk\/en\/wp-json\/wp\/v2\/users\/1"}],"replies":[{"embeddable":true,"href":"https:\/\/www.fmkrajcogroup.sk\/en\/wp-json\/wp\/v2\/comments?post=7364"}],"version-history":[{"count":4,"href":"https:\/\/www.fmkrajcogroup.sk\/en\/wp-json\/wp\/v2\/pages\/7364\/revisions"}],"predecessor-version":[{"id":7398,"href":"https:\/\/www.fmkrajcogroup.sk\/en\/wp-json\/wp\/v2\/pages\/7364\/revisions\/7398"}],"wp:attachment":[{"href":"https:\/\/www.fmkrajcogroup.sk\/en\/wp-json\/wp\/v2\/media?parent=7364"}],"curies":[{"name":"wp","href":"https:\/\/api.w.org\/{rel}","templated":true}]}}