{"id":7371,"date":"2018-02-07T22:28:23","date_gmt":"2018-02-07T21:28:23","guid":{"rendered":"https:\/\/www.fmkrajcogroup.sk\/?page_id=7371"},"modified":"2018-04-25T22:54:30","modified_gmt":"2018-04-25T20:54:30","slug":"engineering","status":"publish","type":"page","link":"https:\/\/www.fmkrajcogroup.sk\/en\/engineering\/","title":{"rendered":"Engineering"},"content":{"rendered":"<div class=\"totalbusiness-shortcode-wrapper totalbusiness-row-shortcode\">\r\n<div class=\"one-fifth column\"><div class=\"totalbusiness-item totalbusiness-column-shortcode\"><p><span style=\"font-size: 20px; color: #39bddb;\"><strong>CNC Treatment<\/strong><\/span><\/p>\n<\/div><\/div>\r\n<div class=\"four-fifth columns\"><div class=\"totalbusiness-item totalbusiness-column-shortcode\"><p>In the present time, our company runs 3 CNC treatment centres (3 axes) a 2 CNC leathes. We manufacture either metallic or non-metallic components and we use modern technologies to do so. We are able to provide manufacturing of larger series of components in case of the request of our clients. We are also able to manufacture more complicated 3D parts. However, model of the component is needed.<\/p>\n<\/div><\/div>\r\n<div class=\"clear\"><\/div><\/div>\n<div class=\"totalbusiness-shortcode-wrapper totalbusiness-row-shortcode\">\r\n<div class=\"one-fifth column\"><div class=\"totalbusiness-item totalbusiness-column-shortcode\"><p><span style=\"font-size: 20px; color: #39bddb;\"><strong>Surface treatment of metals<\/strong><\/span><\/p>\n<\/div><\/div>\r\n<div class=\"four-fifth columns\"><div class=\"totalbusiness-item totalbusiness-column-shortcode\"><p>We are able to provide surface treatment of fabricated products according to the needs of our customers. We cooperate with companies, which provide galvanising, nickel planting, chromium plating, phosphate coating, anodizing, nitriding, hardening, cementation and blacking. We are also able to provide finishing of components on a wire cutter, labelling of components by laser. (The protocol is necessary).<\/p>\n<\/div><\/div>\r\n<div class=\"clear\"><\/div><\/div>\n<div class=\"totalbusiness-shortcode-wrapper totalbusiness-row-shortcode\">\r\n<div class=\"one-fifth column\"><div class=\"totalbusiness-item totalbusiness-column-shortcode\"><p><span style=\"font-size: 20px; color: #39bddb;\"><strong>Mounting<\/strong><\/span><\/p>\n<\/div><\/div>\r\n<div class=\"four-fifth columns\"><div class=\"totalbusiness-item totalbusiness-column-shortcode\"><p>Mounting of manufactured components is also one of the services we provide. Our qualified employees with long-time practice provide mounting according to the drawing documentation.<\/p>\n<\/div><\/div>\r\n<div class=\"clear\"><\/div><\/div>\n<div class=\"totalbusiness-shortcode-wrapper totalbusiness-row-shortcode\">\r\n<div class=\"one-fifth column\"><div class=\"totalbusiness-item totalbusiness-column-shortcode\"><p><span style=\"color: #39bddb;\"><strong><span style=\"font-size: 20px;\">Splitting of material<\/span><\/strong><\/span><\/p>\n<\/div><\/div>\r\n<div class=\"four-fifth columns\"><div class=\"totalbusiness-item totalbusiness-column-shortcode\"><p>We split metals with the diameter up to 280 mm using bandsaws. The bandsaws are designated for splitting of material in perpendicular or angular cuts (angular cuts are settable from 0 to 60 degrees to the right). We are able to split wide range of quality of materials including stainless steel and tool steels (profiles and intermediate products).<\/p>\n<\/div><\/div>\r\n<div class=\"clear\"><\/div><\/div>\n<div class=\"totalbusiness-shortcode-wrapper totalbusiness-row-shortcode\">\r\n<div class=\"one-fifth column\"><div class=\"totalbusiness-item totalbusiness-column-shortcode\"><p><span style=\"font-size: 20px; color: #39bddb;\"><strong>Measurement and control<\/strong><\/span><\/p>\n<\/div><\/div>\r\n<div class=\"four-fifth columns\"><div class=\"totalbusiness-item totalbusiness-column-shortcode\"><p>We are able to provide measurement report for the manufactured fragments as well, if the customer requests.<\/p>\n<\/div><\/div>\r\n<div class=\"clear\"><\/div><\/div>\n","protected":false},"excerpt":{"rendered":"","protected":false},"author":1,"featured_media":0,"parent":0,"menu_order":0,"comment_status":"closed","ping_status":"closed","template":"","meta":{"footnotes":""},"class_list":["post-7371","page","type-page","status-publish","hentry"],"yoast_head":"<!-- This site is optimized with the Yoast SEO plugin v25.0 - https:\/\/yoast.com\/wordpress\/plugins\/seo\/ -->\n<title>Engineering manufacturing, CNC cultivation, mounting,...<\/title>\n<meta name=\"description\" content=\"We offer CNC metal cultivation, surface metal cultivation, mounting of manufactured parts, splitting of material, measuring and control of manufactured parts.\" \/>\n<meta name=\"robots\" content=\"index, follow, max-snippet:-1, max-image-preview:large, max-video-preview:-1\" \/>\n<link rel=\"canonical\" href=\"https:\/\/www.fmkrajcogroup.sk\/en\/engineering\/\" \/>\n<meta property=\"og:locale\" content=\"en_US\" \/>\n<meta property=\"og:type\" content=\"article\" \/>\n<meta property=\"og:title\" content=\"Engineering manufacturing, CNC cultivation, mounting,...\" \/>\n<meta property=\"og:description\" content=\"We offer CNC metal cultivation, surface metal cultivation, mounting of manufactured parts, splitting of material, measuring and control of manufactured parts.\" \/>\n<meta property=\"og:url\" content=\"https:\/\/www.fmkrajcogroup.sk\/en\/engineering\/\" \/>\n<meta property=\"og:site_name\" content=\"www.fmkrajcogroup.sk\" \/>\n<meta property=\"article:modified_time\" content=\"2018-04-25T20:54:30+00:00\" \/>\n<meta name=\"twitter:card\" content=\"summary_large_image\" \/>\n<meta name=\"twitter:label1\" content=\"Est. reading time\" \/>\n\t<meta name=\"twitter:data1\" content=\"2 minutes\" \/>\n<script type=\"application\/ld+json\" class=\"yoast-schema-graph\">{\"@context\":\"https:\/\/schema.org\",\"@graph\":[{\"@type\":\"WebPage\",\"@id\":\"https:\/\/www.fmkrajcogroup.sk\/en\/engineering\/\",\"url\":\"https:\/\/www.fmkrajcogroup.sk\/en\/engineering\/\",\"name\":\"Engineering manufacturing, CNC cultivation, mounting,...\",\"isPartOf\":{\"@id\":\"https:\/\/www.fmkrajcogroup.sk\/#website\"},\"datePublished\":\"2018-02-07T21:28:23+00:00\",\"dateModified\":\"2018-04-25T20:54:30+00:00\",\"description\":\"We offer CNC metal cultivation, surface metal cultivation, mounting of manufactured parts, splitting of material, measuring and control of manufactured parts.\",\"breadcrumb\":{\"@id\":\"https:\/\/www.fmkrajcogroup.sk\/en\/engineering\/#breadcrumb\"},\"inLanguage\":\"en-US\",\"potentialAction\":[{\"@type\":\"ReadAction\",\"target\":[\"https:\/\/www.fmkrajcogroup.sk\/en\/engineering\/\"]}]},{\"@type\":\"BreadcrumbList\",\"@id\":\"https:\/\/www.fmkrajcogroup.sk\/en\/engineering\/#breadcrumb\",\"itemListElement\":[{\"@type\":\"ListItem\",\"position\":1,\"name\":\"Home\",\"item\":\"https:\/\/www.fmkrajcogroup.sk\/en\/\"},{\"@type\":\"ListItem\",\"position\":2,\"name\":\"Engineering\"}]},{\"@type\":\"WebSite\",\"@id\":\"https:\/\/www.fmkrajcogroup.sk\/#website\",\"url\":\"https:\/\/www.fmkrajcogroup.sk\/\",\"name\":\"www.fmkrajcogroup.sk\",\"description\":\"To najlep\u0161ie pre v\u00e1\u0161 kov\",\"publisher\":{\"@id\":\"https:\/\/www.fmkrajcogroup.sk\/#organization\"},\"potentialAction\":[{\"@type\":\"SearchAction\",\"target\":{\"@type\":\"EntryPoint\",\"urlTemplate\":\"https:\/\/www.fmkrajcogroup.sk\/?s={search_term_string}\"},\"query-input\":{\"@type\":\"PropertyValueSpecification\",\"valueRequired\":true,\"valueName\":\"search_term_string\"}}],\"inLanguage\":\"en-US\"},{\"@type\":\"Organization\",\"@id\":\"https:\/\/www.fmkrajcogroup.sk\/#organization\",\"name\":\"FM Krajco Group, s.r.o.\",\"url\":\"https:\/\/www.fmkrajcogroup.sk\/\",\"logo\":{\"@type\":\"ImageObject\",\"inLanguage\":\"en-US\",\"@id\":\"https:\/\/www.fmkrajcogroup.sk\/#\/schema\/logo\/image\/\",\"url\":\"https:\/\/www.fmkrajcogroup.sk\/wp-content\/uploads\/2018\/02\/logo_fmkrajcogroup.png\",\"contentUrl\":\"https:\/\/www.fmkrajcogroup.sk\/wp-content\/uploads\/2018\/02\/logo_fmkrajcogroup.png\",\"width\":300,\"height\":66,\"caption\":\"FM Krajco Group, s.r.o.\"},\"image\":{\"@id\":\"https:\/\/www.fmkrajcogroup.sk\/#\/schema\/logo\/image\/\"}}]}<\/script>\n<!-- \/ Yoast SEO plugin. -->","yoast_head_json":{"title":"Engineering manufacturing, CNC cultivation, mounting,...","description":"We offer CNC metal cultivation, surface metal cultivation, mounting of manufactured parts, splitting of material, measuring and control of manufactured parts.","robots":{"index":"index","follow":"follow","max-snippet":"max-snippet:-1","max-image-preview":"max-image-preview:large","max-video-preview":"max-video-preview:-1"},"canonical":"https:\/\/www.fmkrajcogroup.sk\/en\/engineering\/","og_locale":"en_US","og_type":"article","og_title":"Engineering manufacturing, CNC cultivation, mounting,...","og_description":"We offer CNC metal cultivation, surface metal cultivation, mounting of manufactured parts, splitting of material, measuring and control of manufactured parts.","og_url":"https:\/\/www.fmkrajcogroup.sk\/en\/engineering\/","og_site_name":"www.fmkrajcogroup.sk","article_modified_time":"2018-04-25T20:54:30+00:00","twitter_card":"summary_large_image","twitter_misc":{"Est. reading time":"2 minutes"},"schema":{"@context":"https:\/\/schema.org","@graph":[{"@type":"WebPage","@id":"https:\/\/www.fmkrajcogroup.sk\/en\/engineering\/","url":"https:\/\/www.fmkrajcogroup.sk\/en\/engineering\/","name":"Engineering manufacturing, CNC cultivation, mounting,...","isPartOf":{"@id":"https:\/\/www.fmkrajcogroup.sk\/#website"},"datePublished":"2018-02-07T21:28:23+00:00","dateModified":"2018-04-25T20:54:30+00:00","description":"We offer CNC metal cultivation, surface metal cultivation, mounting of manufactured parts, splitting of material, measuring and control of manufactured parts.","breadcrumb":{"@id":"https:\/\/www.fmkrajcogroup.sk\/en\/engineering\/#breadcrumb"},"inLanguage":"en-US","potentialAction":[{"@type":"ReadAction","target":["https:\/\/www.fmkrajcogroup.sk\/en\/engineering\/"]}]},{"@type":"BreadcrumbList","@id":"https:\/\/www.fmkrajcogroup.sk\/en\/engineering\/#breadcrumb","itemListElement":[{"@type":"ListItem","position":1,"name":"Home","item":"https:\/\/www.fmkrajcogroup.sk\/en\/"},{"@type":"ListItem","position":2,"name":"Engineering"}]},{"@type":"WebSite","@id":"https:\/\/www.fmkrajcogroup.sk\/#website","url":"https:\/\/www.fmkrajcogroup.sk\/","name":"www.fmkrajcogroup.sk","description":"To najlep\u0161ie pre v\u00e1\u0161 kov","publisher":{"@id":"https:\/\/www.fmkrajcogroup.sk\/#organization"},"potentialAction":[{"@type":"SearchAction","target":{"@type":"EntryPoint","urlTemplate":"https:\/\/www.fmkrajcogroup.sk\/?s={search_term_string}"},"query-input":{"@type":"PropertyValueSpecification","valueRequired":true,"valueName":"search_term_string"}}],"inLanguage":"en-US"},{"@type":"Organization","@id":"https:\/\/www.fmkrajcogroup.sk\/#organization","name":"FM Krajco Group, s.r.o.","url":"https:\/\/www.fmkrajcogroup.sk\/","logo":{"@type":"ImageObject","inLanguage":"en-US","@id":"https:\/\/www.fmkrajcogroup.sk\/#\/schema\/logo\/image\/","url":"https:\/\/www.fmkrajcogroup.sk\/wp-content\/uploads\/2018\/02\/logo_fmkrajcogroup.png","contentUrl":"https:\/\/www.fmkrajcogroup.sk\/wp-content\/uploads\/2018\/02\/logo_fmkrajcogroup.png","width":300,"height":66,"caption":"FM Krajco Group, s.r.o."},"image":{"@id":"https:\/\/www.fmkrajcogroup.sk\/#\/schema\/logo\/image\/"}}]}},"_links":{"self":[{"href":"https:\/\/www.fmkrajcogroup.sk\/en\/wp-json\/wp\/v2\/pages\/7371","targetHints":{"allow":["GET"]}}],"collection":[{"href":"https:\/\/www.fmkrajcogroup.sk\/en\/wp-json\/wp\/v2\/pages"}],"about":[{"href":"https:\/\/www.fmkrajcogroup.sk\/en\/wp-json\/wp\/v2\/types\/page"}],"author":[{"embeddable":true,"href":"https:\/\/www.fmkrajcogroup.sk\/en\/wp-json\/wp\/v2\/users\/1"}],"replies":[{"embeddable":true,"href":"https:\/\/www.fmkrajcogroup.sk\/en\/wp-json\/wp\/v2\/comments?post=7371"}],"version-history":[{"count":8,"href":"https:\/\/www.fmkrajcogroup.sk\/en\/wp-json\/wp\/v2\/pages\/7371\/revisions"}],"predecessor-version":[{"id":7380,"href":"https:\/\/www.fmkrajcogroup.sk\/en\/wp-json\/wp\/v2\/pages\/7371\/revisions\/7380"}],"wp:attachment":[{"href":"https:\/\/www.fmkrajcogroup.sk\/en\/wp-json\/wp\/v2\/media?parent=7371"}],"curies":[{"name":"wp","href":"https:\/\/api.w.org\/{rel}","templated":true}]}}