{"id":7412,"date":"2018-02-07T22:56:54","date_gmt":"2018-02-07T21:56:54","guid":{"rendered":"https:\/\/www.fmkrajcogroup.sk\/strojarstvo-stroje-a-zariadenia\/"},"modified":"2025-05-06T16:02:12","modified_gmt":"2025-05-06T14:02:12","slug":"engineering-machineries-and-equipment","status":"publish","type":"page","link":"https:\/\/www.fmkrajcogroup.sk\/en\/engineering-machineries-and-equipment\/","title":{"rendered":"Machineries and equipment"},"content":{"rendered":"","protected":false},"excerpt":{"rendered":"","protected":false},"author":1,"featured_media":0,"parent":0,"menu_order":0,"comment_status":"closed","ping_status":"closed","template":"","meta":{"footnotes":""},"class_list":["post-7412","page","type-page","status-publish","hentry"],"yoast_head":"<!-- This site is optimized with the Yoast SEO plugin v25.0 - https:\/\/yoast.com\/wordpress\/plugins\/seo\/ -->\n<title>Machineries and equipments used in manufacturing process.<\/title>\n<meta name=\"description\" content=\"The machineries and equipment used in the manufacturing process of the FM Krajco Group company. We use CNC machines sucha s VMCA 760, VMCA 1050, OKUMA LB3000 EX II, MP 446 and many more.\" \/>\n<meta name=\"robots\" content=\"index, follow, max-snippet:-1, max-image-preview:large, max-video-preview:-1\" \/>\n<link rel=\"canonical\" href=\"https:\/\/www.fmkrajcogroup.sk\/en\/engineering-machineries-and-equipment\/\" \/>\n<meta property=\"og:locale\" content=\"en_US\" \/>\n<meta property=\"og:type\" content=\"article\" \/>\n<meta property=\"og:title\" content=\"Machineries and equipments used in manufacturing process.\" \/>\n<meta property=\"og:description\" content=\"The machineries and equipment used in the manufacturing process of the FM Krajco Group company. We use CNC machines sucha s VMCA 760, VMCA 1050, OKUMA LB3000 EX II, MP 446 and many more.\" \/>\n<meta property=\"og:url\" content=\"https:\/\/www.fmkrajcogroup.sk\/en\/engineering-machineries-and-equipment\/\" \/>\n<meta property=\"og:site_name\" content=\"www.fmkrajcogroup.sk\" \/>\n<meta property=\"article:modified_time\" content=\"2025-05-06T14:02:12+00:00\" \/>\n<meta name=\"twitter:card\" content=\"summary_large_image\" \/>\n<script type=\"application\/ld+json\" class=\"yoast-schema-graph\">{\"@context\":\"https:\/\/schema.org\",\"@graph\":[{\"@type\":\"WebPage\",\"@id\":\"https:\/\/www.fmkrajcogroup.sk\/en\/engineering-machineries-and-equipment\/\",\"url\":\"https:\/\/www.fmkrajcogroup.sk\/en\/engineering-machineries-and-equipment\/\",\"name\":\"Machineries and equipments used in manufacturing process.\",\"isPartOf\":{\"@id\":\"https:\/\/www.fmkrajcogroup.sk\/#website\"},\"datePublished\":\"2018-02-07T21:56:54+00:00\",\"dateModified\":\"2025-05-06T14:02:12+00:00\",\"description\":\"The machineries and equipment used in the manufacturing process of the FM Krajco Group company. We use CNC machines sucha s VMCA 760, VMCA 1050, OKUMA LB3000 EX II, MP 446 and many more.\",\"breadcrumb\":{\"@id\":\"https:\/\/www.fmkrajcogroup.sk\/en\/engineering-machineries-and-equipment\/#breadcrumb\"},\"inLanguage\":\"en-US\",\"potentialAction\":[{\"@type\":\"ReadAction\",\"target\":[\"https:\/\/www.fmkrajcogroup.sk\/en\/engineering-machineries-and-equipment\/\"]}]},{\"@type\":\"BreadcrumbList\",\"@id\":\"https:\/\/www.fmkrajcogroup.sk\/en\/engineering-machineries-and-equipment\/#breadcrumb\",\"itemListElement\":[{\"@type\":\"ListItem\",\"position\":1,\"name\":\"Home\",\"item\":\"https:\/\/www.fmkrajcogroup.sk\/en\/\"},{\"@type\":\"ListItem\",\"position\":2,\"name\":\"Machineries and equipment\"}]},{\"@type\":\"WebSite\",\"@id\":\"https:\/\/www.fmkrajcogroup.sk\/#website\",\"url\":\"https:\/\/www.fmkrajcogroup.sk\/\",\"name\":\"www.fmkrajcogroup.sk\",\"description\":\"To najlep\u0161ie pre v\u00e1\u0161 kov\",\"publisher\":{\"@id\":\"https:\/\/www.fmkrajcogroup.sk\/#organization\"},\"potentialAction\":[{\"@type\":\"SearchAction\",\"target\":{\"@type\":\"EntryPoint\",\"urlTemplate\":\"https:\/\/www.fmkrajcogroup.sk\/?s={search_term_string}\"},\"query-input\":{\"@type\":\"PropertyValueSpecification\",\"valueRequired\":true,\"valueName\":\"search_term_string\"}}],\"inLanguage\":\"en-US\"},{\"@type\":\"Organization\",\"@id\":\"https:\/\/www.fmkrajcogroup.sk\/#organization\",\"name\":\"FM Krajco Group, s.r.o.\",\"url\":\"https:\/\/www.fmkrajcogroup.sk\/\",\"logo\":{\"@type\":\"ImageObject\",\"inLanguage\":\"en-US\",\"@id\":\"https:\/\/www.fmkrajcogroup.sk\/#\/schema\/logo\/image\/\",\"url\":\"https:\/\/www.fmkrajcogroup.sk\/wp-content\/uploads\/2018\/02\/logo_fmkrajcogroup.png\",\"contentUrl\":\"https:\/\/www.fmkrajcogroup.sk\/wp-content\/uploads\/2018\/02\/logo_fmkrajcogroup.png\",\"width\":300,\"height\":66,\"caption\":\"FM Krajco Group, s.r.o.\"},\"image\":{\"@id\":\"https:\/\/www.fmkrajcogroup.sk\/#\/schema\/logo\/image\/\"}}]}<\/script>\n<!-- \/ Yoast SEO plugin. -->","yoast_head_json":{"title":"Machineries and equipments used in manufacturing process.","description":"The machineries and equipment used in the manufacturing process of the FM Krajco Group company. We use CNC machines sucha s VMCA 760, VMCA 1050, OKUMA LB3000 EX II, MP 446 and many more.","robots":{"index":"index","follow":"follow","max-snippet":"max-snippet:-1","max-image-preview":"max-image-preview:large","max-video-preview":"max-video-preview:-1"},"canonical":"https:\/\/www.fmkrajcogroup.sk\/en\/engineering-machineries-and-equipment\/","og_locale":"en_US","og_type":"article","og_title":"Machineries and equipments used in manufacturing process.","og_description":"The machineries and equipment used in the manufacturing process of the FM Krajco Group company. We use CNC machines sucha s VMCA 760, VMCA 1050, OKUMA LB3000 EX II, MP 446 and many more.","og_url":"https:\/\/www.fmkrajcogroup.sk\/en\/engineering-machineries-and-equipment\/","og_site_name":"www.fmkrajcogroup.sk","article_modified_time":"2025-05-06T14:02:12+00:00","twitter_card":"summary_large_image","schema":{"@context":"https:\/\/schema.org","@graph":[{"@type":"WebPage","@id":"https:\/\/www.fmkrajcogroup.sk\/en\/engineering-machineries-and-equipment\/","url":"https:\/\/www.fmkrajcogroup.sk\/en\/engineering-machineries-and-equipment\/","name":"Machineries and equipments used in manufacturing process.","isPartOf":{"@id":"https:\/\/www.fmkrajcogroup.sk\/#website"},"datePublished":"2018-02-07T21:56:54+00:00","dateModified":"2025-05-06T14:02:12+00:00","description":"The machineries and equipment used in the manufacturing process of the FM Krajco Group company. We use CNC machines sucha s VMCA 760, VMCA 1050, OKUMA LB3000 EX II, MP 446 and many more.","breadcrumb":{"@id":"https:\/\/www.fmkrajcogroup.sk\/en\/engineering-machineries-and-equipment\/#breadcrumb"},"inLanguage":"en-US","potentialAction":[{"@type":"ReadAction","target":["https:\/\/www.fmkrajcogroup.sk\/en\/engineering-machineries-and-equipment\/"]}]},{"@type":"BreadcrumbList","@id":"https:\/\/www.fmkrajcogroup.sk\/en\/engineering-machineries-and-equipment\/#breadcrumb","itemListElement":[{"@type":"ListItem","position":1,"name":"Home","item":"https:\/\/www.fmkrajcogroup.sk\/en\/"},{"@type":"ListItem","position":2,"name":"Machineries and equipment"}]},{"@type":"WebSite","@id":"https:\/\/www.fmkrajcogroup.sk\/#website","url":"https:\/\/www.fmkrajcogroup.sk\/","name":"www.fmkrajcogroup.sk","description":"To najlep\u0161ie pre v\u00e1\u0161 kov","publisher":{"@id":"https:\/\/www.fmkrajcogroup.sk\/#organization"},"potentialAction":[{"@type":"SearchAction","target":{"@type":"EntryPoint","urlTemplate":"https:\/\/www.fmkrajcogroup.sk\/?s={search_term_string}"},"query-input":{"@type":"PropertyValueSpecification","valueRequired":true,"valueName":"search_term_string"}}],"inLanguage":"en-US"},{"@type":"Organization","@id":"https:\/\/www.fmkrajcogroup.sk\/#organization","name":"FM Krajco Group, s.r.o.","url":"https:\/\/www.fmkrajcogroup.sk\/","logo":{"@type":"ImageObject","inLanguage":"en-US","@id":"https:\/\/www.fmkrajcogroup.sk\/#\/schema\/logo\/image\/","url":"https:\/\/www.fmkrajcogroup.sk\/wp-content\/uploads\/2018\/02\/logo_fmkrajcogroup.png","contentUrl":"https:\/\/www.fmkrajcogroup.sk\/wp-content\/uploads\/2018\/02\/logo_fmkrajcogroup.png","width":300,"height":66,"caption":"FM Krajco Group, s.r.o."},"image":{"@id":"https:\/\/www.fmkrajcogroup.sk\/#\/schema\/logo\/image\/"}}]}},"_links":{"self":[{"href":"https:\/\/www.fmkrajcogroup.sk\/en\/wp-json\/wp\/v2\/pages\/7412","targetHints":{"allow":["GET"]}}],"collection":[{"href":"https:\/\/www.fmkrajcogroup.sk\/en\/wp-json\/wp\/v2\/pages"}],"about":[{"href":"https:\/\/www.fmkrajcogroup.sk\/en\/wp-json\/wp\/v2\/types\/page"}],"author":[{"embeddable":true,"href":"https:\/\/www.fmkrajcogroup.sk\/en\/wp-json\/wp\/v2\/users\/1"}],"replies":[{"embeddable":true,"href":"https:\/\/www.fmkrajcogroup.sk\/en\/wp-json\/wp\/v2\/comments?post=7412"}],"version-history":[{"count":8,"href":"https:\/\/www.fmkrajcogroup.sk\/en\/wp-json\/wp\/v2\/pages\/7412\/revisions"}],"predecessor-version":[{"id":7843,"href":"https:\/\/www.fmkrajcogroup.sk\/en\/wp-json\/wp\/v2\/pages\/7412\/revisions\/7843"}],"wp:attachment":[{"href":"https:\/\/www.fmkrajcogroup.sk\/en\/wp-json\/wp\/v2\/media?parent=7412"}],"curies":[{"name":"wp","href":"https:\/\/api.w.org\/{rel}","templated":true}]}}